{"id":2289,"date":"2024-07-30T16:16:50","date_gmt":"2024-07-30T14:16:50","guid":{"rendered":"https:\/\/www.beco-bermueller.de\/?page_id=2289"},"modified":"2024-09-23T12:54:50","modified_gmt":"2024-09-23T10:54:50","slug":"impressum","status":"publish","type":"page","link":"https:\/\/mada.md.cozmoslabs.com\/at\/impressum\/","title":{"rendered":"Impressum"},"content":{"rendered":"<p>[et_pb_section fb_built=&#8220;1&#8243; custom_padding_last_edited=&#8220;off|desktop&#8220; admin_label=&#8220;section&#8220; _builder_version=&#8220;4.24.3&#8243; custom_padding_phone=&#8220;0px||20px||false|false&#8220; hover_enabled=&#8220;0&#8243; global_colors_info=&#8220;{}&#8220; custom_padding=&#8220;0px||0px||false|false&#8220; sticky_enabled=&#8220;0&#8243;][et_pb_row column_structure=&#8220;1_2,1_2&#8243; custom_padding_last_edited=&#8220;on|phone&#8220; _builder_version=&#8220;4.24.3&#8243; _module_preset=&#8220;default&#8220; width=&#8220;100%&#8220; max_width=&#8220;1440px&#8220; custom_padding=&#8220;|60px||60px|false|false&#8220; custom_padding_tablet=&#8220;|60px||60px|false|false&#8220; custom_padding_phone=&#8220;|30px||30px|false|false&#8220; global_colors_info=&#8220;{}&#8220;][et_pb_column type=&#8220;1_2&#8243; _builder_version=&#8220;4.24.3&#8243; _module_preset=&#8220;default&#8220; global_colors_info=&#8220;{}&#8220;][et_pb_heading title=&#8220;Impressum&#8220; title_tablet=&#8220;TERRAMESH Steilb\u00f6schungssysteme&#8220; title_phone=&#8220;TERRAMESH Steilb\u00f6schungs-systeme&#8220; title_last_edited=&#8220;off|tablet&#8220; _builder_version=&#8220;4.24.3&#8243; _module_preset=&#8220;default&#8220; title_font=&#8220;Simplon Light||||||||&#8220; title_font_size=&#8220;60px&#8220; title_letter_spacing=&#8220;0.3px&#8220; title_line_height=&#8220;1.1em&#8220; custom_margin=&#8220;||30px||false|false&#8220; custom_margin_tablet=&#8220;||10px||false|false&#8220; custom_margin_phone=&#8220;||10px||false|false&#8220; custom_margin_last_edited=&#8220;on|phone&#8220; title_font_size_tablet=&#8220;60px&#8220; title_font_size_phone=&#8220;40px&#8220; title_font_size_last_edited=&#8220;on|phone&#8220; custom_css_main_element=&#8220;word-break: break-word&#8220; global_colors_info=&#8220;{}&#8220; custom_css_main_element_last_edited=&#8220;on|desktop&#8220; custom_css_main_element_tablet=&#8220;word-break: break-word&#8220; custom_css_main_element_phone=&#8220;word-break: break-word&#8220;][\/et_pb_heading][\/et_pb_column][et_pb_column type=&#8220;1_2&#8243; _builder_version=&#8220;4.24.3&#8243; _module_preset=&#8220;default&#8220; custom_padding=&#8220;||||false|false&#8220; global_colors_info=&#8220;{}&#8220;][et_pb_image src=&#8220;https:\/\/mada.md.cozmoslabs.com\/wp-content\/uploads\/2024\/07\/BECO.webp&#8220; alt=&#8220;BECO&#8220; title_text=&#8220;BECO&#8220; module_class=&#8220;gruener-bildstreifen&#8220; _builder_version=&#8220;4.24.3&#8243; _module_preset=&#8220;default&#8220; max_height_tablet=&#8220;&#8220; max_height_phone=&#8220;&#8220; max_height_last_edited=&#8220;on|tablet&#8220; custom_margin=&#8220;||||false|false&#8220; custom_margin_tablet=&#8220;||||false|false&#8220; custom_margin_phone=&#8220;|-30px||-30px|false|false&#8220; custom_margin_last_edited=&#8220;on|phone&#8220; custom_padding=&#8220;0px|0px|0px|0px|false|false&#8220; global_colors_info=&#8220;{}&#8220;][\/et_pb_image][\/et_pb_column][\/et_pb_row][\/et_pb_section][et_pb_section fb_built=&#8220;1&#8243; custom_padding_last_edited=&#8220;on|phone&#8220; admin_label=&#8220;section&#8220; _builder_version=&#8220;4.24.3&#8243; custom_margin=&#8220;||||false|false&#8220; custom_padding=&#8220;20px||||false|false&#8220; custom_padding_tablet=&#8220;20px||||false|false&#8220; custom_padding_phone=&#8220;0px||||false|false&#8220; global_colors_info=&#8220;{}&#8220;][et_pb_row column_structure=&#8220;1_2,1_2&#8243; custom_padding_last_edited=&#8220;on|phone&#8220; _builder_version=&#8220;4.24.3&#8243; _module_preset=&#8220;default&#8220; width=&#8220;100%&#8220; max_width=&#8220;1440px&#8220; custom_padding=&#8220;0px|60px||60px|false|true&#8220; custom_padding_tablet=&#8220;|60px||60px|false|true&#8220; custom_padding_phone=&#8220;|30px||30px|false|true&#8220; global_colors_info=&#8220;{}&#8220;][et_pb_column type=&#8220;1_2&#8243; _builder_version=&#8220;4.24.3&#8243; _module_preset=&#8220;default&#8220; custom_padding=&#8220;||||false|false&#8220; global_colors_info=&#8220;{}&#8220;][et_pb_text _builder_version=&#8220;4.24.3&#8243; _module_preset=&#8220;default&#8220; text_text_color=&#8220;#2B2B2A&#8220; text_font_size=&#8220;17px&#8220; text_letter_spacing=&#8220;0.3px&#8220; custom_padding=&#8220;||||false|false&#8220; hover_enabled=&#8220;0&#8243; global_colors_info=&#8220;{}&#8220; sticky_enabled=&#8220;0&#8243;]<\/p>\n<p><strong>BECO Berm\u00fcller &amp; Co GmbH<\/strong><br \/>Waldweg 2<br \/>9431 Wolfsberg-St. Stefan<\/p>\n<p>&nbsp;<\/p>\n<p>Telefon: +43 4352 93035<br \/>Telefax: +49 (0) 911 &#8211; 64200 &#8211; 90<br \/>Internet:<span>\u00a0<\/span><a href=\"https:\/\/mada.md.cozmoslabs.com\/de\/\" title=\"Zur Startseite\">www.beco-bermueller.at<\/a><br \/>E-Mail:<span>\u00a0<\/span><a href=\"https:\/\/mada.md.cozmoslabs.com\/de\/kontakt\/kontaktformular\" title=\"Zum Kontaktformular\">Kontaktformular<\/a><br \/>Umsatzsteuer-Identifikationsnummer: ATU73028813<br \/>Registergericht: LG Klagenfurt<br \/>Registernummer: HRB 486704t<br \/>Gesch\u00e4ftsf\u00fchrer: Stefan Berm\u00fcller, Martin Grassler<\/p>\n<p>[\/et_pb_text][\/et_pb_column][et_pb_column type=&#8220;1_2&#8243; _builder_version=&#8220;4.24.3&#8243; _module_preset=&#8220;default&#8220; global_colors_info=&#8220;{}&#8220;][\/et_pb_column][\/et_pb_row][et_pb_row custom_padding_last_edited=&#8220;on|tablet&#8220; _builder_version=&#8220;4.24.3&#8243; _module_preset=&#8220;default&#8220; width=&#8220;100%&#8220; max_width=&#8220;1440px&#8220; custom_margin=&#8220;||||false|false&#8220; custom_padding=&#8220;|60px|0px|60px|false|true&#8220; custom_padding_tablet=&#8220;|60px|0px|60px|false|true&#8220; custom_padding_phone=&#8220;|30px|0px|30px|false|true&#8220; global_colors_info=&#8220;{}&#8220;][et_pb_column type=&#8220;4_4&#8243; _builder_version=&#8220;4.24.3&#8243; _module_preset=&#8220;default&#8220; custom_padding=&#8220;||||false|false&#8220; global_colors_info=&#8220;{}&#8220;][et_pb_heading title=&#8220;Rechtliche Hinweise \/ Disclaimer&#8220; _builder_version=&#8220;4.24.3&#8243; _module_preset=&#8220;default&#8220; title_level=&#8220;h2&#8243; title_font=&#8220;Simplon Light||||||||&#8220; title_text_color=&#8220;#00a286&#8243; title_font_size=&#8220;40px&#8220; title_line_height=&#8220;1.5em&#8220; custom_margin=&#8220;||0px||false|false&#8220; custom_padding=&#8220;||0px||false|false&#8220; title_font_size_tablet=&#8220;40px&#8220; title_font_size_phone=&#8220;30px&#8220; title_font_size_last_edited=&#8220;on|phone&#8220; global_colors_info=&#8220;{}&#8220;][\/et_pb_heading][\/et_pb_column][\/et_pb_row][et_pb_row custom_padding_last_edited=&#8220;on|desktop&#8220; _builder_version=&#8220;4.24.3&#8243; _module_preset=&#8220;default&#8220; width=&#8220;100%&#8220; max_width=&#8220;1440px&#8220; custom_padding=&#8220;|60px||60px|false|true&#8220; custom_padding_tablet=&#8220;|60px||60px|false|true&#8220; custom_padding_phone=&#8220;|30px||30px|false|true&#8220; global_colors_info=&#8220;{}&#8220;][et_pb_column type=&#8220;4_4&#8243; _builder_version=&#8220;4.24.3&#8243; _module_preset=&#8220;default&#8220; custom_padding=&#8220;||||false|false&#8220; global_colors_info=&#8220;{}&#8220;][et_pb_text _builder_version=&#8220;4.24.3&#8243; _module_preset=&#8220;default&#8220; text_text_color=&#8220;#2B2B2A&#8220; text_font_size=&#8220;17px&#8220; text_letter_spacing=&#8220;0.3px&#8220; custom_padding=&#8220;||||false|false&#8220; global_colors_info=&#8220;{}&#8220;]<\/p>\n<p>Inhalt des Onlineangebotes<\/p>\n<p>Der Autor \u00fcbernimmt keinerlei Gew\u00e4hr f\u00fcr die Aktualit\u00e4t, Korrektheit, Vollst\u00e4ndigkeit oder Qualit\u00e4t der bereitgestellten Informationen. Haftungsanspr\u00fcche gegen den Autor, welche sich auf Sch\u00e4den materieller oder ideeller Art beziehen, die durch die Nutzung oder Nichtnutzung der dargebotenen Informationen bzw. durch die Nutzung fehlerhafter und unvollst\u00e4ndiger Informationen verursacht wurden, sind grunds\u00e4tzlich ausgeschlossen, sofern seitens des Autors kein nachweislich vors\u00e4tzliches oder grob fahrl\u00e4ssiges Verschulden vorliegt. Alle Angebote sind freibleibend und unverbindlich. Der Autor beh\u00e4lt es sich ausdr\u00fccklich vor, Teile der Seiten oder das gesamte Angebot ohne gesonderte Ank\u00fcndigung zu ver\u00e4ndern, zu erg\u00e4nzen, zu l\u00f6schen oder die Ver\u00f6ffentlichung zeitweise oder endg\u00fcltig einzustellen.<\/p>\n<p>&nbsp;<\/p>\n<p>Verweise und Links<\/p>\n<p>Bei direkten oder indirekten Verweisen auf fremde Webseiten (&#8222;Hyperlinks&#8220;), die au\u00dferhalb des Verantwortungsbereiches des Autors liegen, w\u00fcrde eine Haftungsverpflichtung ausschlie\u00dflich in dem Fall in Kraft treten, in dem der Autor von den Inhalten Kenntnis hat und es ihm technisch m\u00f6glich und zumutbar w\u00e4re, die Nutzung im Falle rechtswidriger Inhalte zu verhindern. Der Autor erkl\u00e4rt hiermit ausdr\u00fccklich, dass zum Zeitpunkt der Linksetzung keine illegalen Inhalte auf den zu verlinkenden Seiten erkennbar waren. Auf die aktuelle und zuk\u00fcnftige Gestaltung, die Inhalte oder die Urheberschaft der verlinkten\/verkn\u00fcpften Seiten hat der Autor keinerlei Einfluss. Deshalb distanziert er sich hiermit ausdr\u00fccklich von allen Inhalten aller verlinkten \/verkn\u00fcpften Seiten, die nach der Linksetzung ver\u00e4ndert wurden. Diese Feststellung gilt f\u00fcr alle innerhalb des eigenen Internetangebotes gesetzten Links und Verweise sowie f\u00fcr Fremdeintr\u00e4ge in vom Autor eingerichteten G\u00e4steb\u00fcchern, Diskussionsforen, Linkverzeichnissen, Mailinglisten und in allen anderen Formen von Datenbanken, auf deren Inhalt externe Schreibzugriffe m\u00f6glich sind. F\u00fcr illegale, fehlerhafte oder unvollst\u00e4ndige Inhalte und insbesondere f\u00fcr Sch\u00e4den, die aus der Nutzung oder Nichtnutzung solcherart dargebotener Informationen entstehen, haftet allein der Anbieter der Seite, auf welche verwiesen wurde, nicht derjenige, der \u00fcber Links auf die jeweilige Ver\u00f6ffentlichung lediglich verweist.<\/p>\n<p>&nbsp;<\/p>\n<p>Urheber- und Kennzeichenrecht<\/p>\n<p>Der Autor ist bestrebt, in allen Publikationen die Urheberrechte der verwendeten Bilder, Grafiken, Tondokumente, Videosequenzen und Texte zu beachten, von ihm selbst erstellte Bilder, Grafiken, Tondokumente, Videosequenzen und Texte zu nutzen oder auf lizenzfreie Grafiken, Tondokumente, Videosequenzen und Texte zur\u00fcckzugreifen. Alle innerhalb des Internetangebotes genannten und ggf. durch Dritte gesch\u00fctzten Marken- und Warenzeichen unterliegen uneingeschr\u00e4nkt den Bestimmungen des jeweils g\u00fcltigen Kennzeichenrechts und den Besitzrechten der jeweiligen eingetragenen Eigent\u00fcmer. Allein aufgrund der blo\u00dfen Nennung ist nicht der Schluss zu ziehen, dass Markenzeichen nicht durch Rechte Dritter gesch\u00fctzt sind! Das Copyright f\u00fcr ver\u00f6ffentlichte, vom Autor selbst erstellte Objekte bleibt allein beim Autor der Seiten. Eine Vervielf\u00e4ltigung oder Verwendung solcher Grafiken, Tondokumente, Videosequenzen und Texte in anderen elektronischen oder gedruckten Publikationen ist ohne ausdr\u00fcckliche Zustimmung des Autors nicht gestattet.<\/p>\n<p>&nbsp;<\/p>\n<p>Rechtswirksamkeit und Haftungsausschluss<\/p>\n<p>Sollten einzelne Regelungen oder Formulierungen dieser rechtlichen Hinweise unwirksam sein oder werden, bleiben die \u00fcbrigen Regelungen in ihrem Inhalt und ihrer G\u00fcltigkeit hiervon unber\u00fchrt.<\/p>\n<p>[\/et_pb_text][\/et_pb_column][\/et_pb_row][\/et_pb_section]<\/p>","protected":false},"excerpt":{"rendered":"<p>Berm\u00fcller &amp; Co GmbHRotterdamer Stra\u00dfe 790451 N\u00fcrnberg &nbsp; Telefon: +49 (0) 911 &#8211; 64200 &#8211; 0Telefax: +49 (0) 911 &#8211; 64200 &#8211; 90Internet:\u00a0www.beco-bermueller.deE-Mail:\u00a0KontaktformularUmsatzsteuer-Identifikationsnummer: DE 133506805Registergericht: Amtsgericht N\u00fcrnbergRegisternummer: HRB 8198Gesch\u00e4ftsf\u00fchrer: Stefan Berm\u00fcller, Rudolf Berm\u00fcllerInhalt des Onlineangebotes Der Autor \u00fcbernimmt keinerlei Gew\u00e4hr f\u00fcr die Aktualit\u00e4t, Korrektheit, Vollst\u00e4ndigkeit oder Qualit\u00e4t der bereitgestellten Informationen. Haftungsanspr\u00fcche gegen den Autor, welche [&hellip;]<\/p>","protected":false},"author":1,"featured_media":1760,"parent":0,"menu_order":0,"comment_status":"closed","ping_status":"closed","template":"","meta":{"_et_pb_use_builder":"on","_et_pb_old_content":"","_et_gb_content_width":"","inline_featured_image":false,"footnotes":""},"categories":[65],"tags":[],"class_list":["post-2289","page","type-page","status-publish","has-post-thumbnail","hentry","category-footer"],"yoast_head":"<!-- This site is optimized with the Yoast SEO plugin v26.8 - https:\/\/yoast.com\/product\/yoast-seo-wordpress\/ -->\n<title>Impressum - BECO BERM\u00dcLLER<\/title>\n<meta name=\"description\" content=\"Impressum der Berm\u00fcller &amp; Co GmbH - Rotterdamer Stra\u00dfe 7 - 90451 N\u00fcrnberg - Telefon: +49 (0) 911 - 64200 - 0\" \/>\n<meta name=\"robots\" content=\"noindex, follow, max-snippet:-1, max-image-preview:large, max-video-preview:-1\" \/>\n<meta property=\"og:locale\" content=\"de_DE\" \/>\n<meta property=\"og:type\" content=\"article\" \/>\n<meta property=\"og:title\" content=\"Impressum - BECO BERM\u00dcLLER\" \/>\n<meta property=\"og:description\" content=\"Impressum der Berm\u00fcller &amp; Co GmbH - Rotterdamer Stra\u00dfe 7 - 90451 N\u00fcrnberg - Telefon: +49 (0) 911 - 64200 - 0\" \/>\n<meta property=\"og:url\" content=\"https:\/\/mada.md.cozmoslabs.com\/at\/impressum\/\" \/>\n<meta property=\"og:site_name\" content=\"BECO BERM\u00dcLLER\" \/>\n<meta property=\"article:publisher\" content=\"https:\/\/www.facebook.com\/becobermueller\/\" \/>\n<meta property=\"article:modified_time\" content=\"2024-09-23T10:54:50+00:00\" \/>\n<meta property=\"og:image\" content=\"https:\/\/mada.md.cozmoslabs.com\/wp-content\/uploads\/2024\/07\/BECO.webp\" \/>\n\t<meta property=\"og:image:width\" content=\"991\" \/>\n\t<meta property=\"og:image:height\" content=\"661\" \/>\n\t<meta property=\"og:image:type\" content=\"image\/webp\" \/>\n<meta name=\"twitter:card\" content=\"summary_large_image\" \/>\n<meta name=\"twitter:label1\" content=\"Gesch\u00e4tzte Lesezeit\" \/>\n\t<meta name=\"twitter:data1\" content=\"4 Minuten\" \/>\n<script type=\"application\/ld+json\" class=\"yoast-schema-graph\">{\"@context\":\"https:\/\/schema.org\",\"@graph\":[{\"@type\":\"WebPage\",\"@id\":\"https:\/\/mada.md.cozmoslabs.com\/impressum\/\",\"url\":\"https:\/\/mada.md.cozmoslabs.com\/impressum\/\",\"name\":\"Impressum - BECO BERM\u00dcLLER\",\"isPartOf\":{\"@id\":\"https:\/\/mada.md.cozmoslabs.com\/#website\"},\"primaryImageOfPage\":{\"@id\":\"https:\/\/mada.md.cozmoslabs.com\/impressum\/#primaryimage\"},\"image\":{\"@id\":\"https:\/\/mada.md.cozmoslabs.com\/impressum\/#primaryimage\"},\"thumbnailUrl\":\"https:\/\/mada.md.cozmoslabs.com\/wp-content\/uploads\/2024\/07\/BECO.webp\",\"datePublished\":\"2024-07-30T14:16:50+00:00\",\"dateModified\":\"2024-09-23T10:54:50+00:00\",\"description\":\"Impressum der Berm\u00fcller & Co GmbH - Rotterdamer Stra\u00dfe 7 - 90451 N\u00fcrnberg - Telefon: +49 (0) 911 - 64200 - 0\",\"breadcrumb\":{\"@id\":\"https:\/\/mada.md.cozmoslabs.com\/impressum\/#breadcrumb\"},\"inLanguage\":\"de-AT\",\"potentialAction\":[{\"@type\":\"ReadAction\",\"target\":[\"https:\/\/mada.md.cozmoslabs.com\/impressum\/\"]}]},{\"@type\":\"ImageObject\",\"inLanguage\":\"de-AT\",\"@id\":\"https:\/\/mada.md.cozmoslabs.com\/impressum\/#primaryimage\",\"url\":\"https:\/\/mada.md.cozmoslabs.com\/wp-content\/uploads\/2024\/07\/BECO.webp\",\"contentUrl\":\"https:\/\/mada.md.cozmoslabs.com\/wp-content\/uploads\/2024\/07\/BECO.webp\",\"width\":991,\"height\":661,\"caption\":\"BECO\"},{\"@type\":\"BreadcrumbList\",\"@id\":\"https:\/\/mada.md.cozmoslabs.com\/impressum\/#breadcrumb\",\"itemListElement\":[{\"@type\":\"ListItem\",\"position\":1,\"name\":\"Startseite\",\"item\":\"https:\/\/mada.md.cozmoslabs.com\/at\/\"},{\"@type\":\"ListItem\",\"position\":2,\"name\":\"Impressum\"}]},{\"@type\":\"WebSite\",\"@id\":\"https:\/\/mada.md.cozmoslabs.com\/#website\",\"url\":\"https:\/\/mada.md.cozmoslabs.com\/\",\"name\":\"Beco Berm\u00fcller\",\"description\":\"\",\"publisher\":{\"@id\":\"https:\/\/mada.md.cozmoslabs.com\/#organization\"},\"potentialAction\":[{\"@type\":\"SearchAction\",\"target\":{\"@type\":\"EntryPoint\",\"urlTemplate\":\"https:\/\/mada.md.cozmoslabs.com\/?s={search_term_string}\"},\"query-input\":{\"@type\":\"PropertyValueSpecification\",\"valueRequired\":true,\"valueName\":\"search_term_string\"}}],\"inLanguage\":\"de-AT\"},{\"@type\":\"Organization\",\"@id\":\"https:\/\/mada.md.cozmoslabs.com\/#organization\",\"name\":\"Beco Berm\u00fcller\",\"url\":\"https:\/\/mada.md.cozmoslabs.com\/\",\"logo\":{\"@type\":\"ImageObject\",\"inLanguage\":\"de-AT\",\"@id\":\"https:\/\/mada.md.cozmoslabs.com\/#\/schema\/logo\/image\/\",\"url\":\"https:\/\/mada.md.cozmoslabs.com\/wp-content\/uploads\/2024\/04\/BECO_BERMUELLER_Logo_RGB.svg\",\"contentUrl\":\"https:\/\/mada.md.cozmoslabs.com\/wp-content\/uploads\/2024\/04\/BECO_BERMUELLER_Logo_RGB.svg\",\"width\":\"1024\",\"height\":\"1024\",\"caption\":\"Beco Berm\u00fcller\"},\"image\":{\"@id\":\"https:\/\/mada.md.cozmoslabs.com\/#\/schema\/logo\/image\/\"},\"sameAs\":[\"https:\/\/www.facebook.com\/becobermueller\/\",\"https:\/\/www.instagram.com\/beco_bermueller\/\"]}]}<\/script>\n<!-- \/ Yoast SEO plugin. -->","yoast_head_json":{"title":"Impressum - BECO BERM\u00dcLLER","description":"Impressum der Berm\u00fcller & Co GmbH - Rotterdamer Stra\u00dfe 7 - 90451 N\u00fcrnberg - Telefon: +49 (0) 911 - 64200 - 0","robots":{"index":"noindex","follow":"follow","max-snippet":"max-snippet:-1","max-image-preview":"max-image-preview:large","max-video-preview":"max-video-preview:-1"},"og_locale":"de_DE","og_type":"article","og_title":"Impressum - BECO BERM\u00dcLLER","og_description":"Impressum der Berm\u00fcller & Co GmbH - Rotterdamer Stra\u00dfe 7 - 90451 N\u00fcrnberg - Telefon: +49 (0) 911 - 64200 - 0","og_url":"https:\/\/mada.md.cozmoslabs.com\/at\/impressum\/","og_site_name":"BECO BERM\u00dcLLER","article_publisher":"https:\/\/www.facebook.com\/becobermueller\/","article_modified_time":"2024-09-23T10:54:50+00:00","og_image":[{"width":991,"height":661,"url":"https:\/\/mada.md.cozmoslabs.com\/wp-content\/uploads\/2024\/07\/BECO.webp","type":"image\/webp"}],"twitter_card":"summary_large_image","twitter_misc":{"Gesch\u00e4tzte Lesezeit":"4 Minuten"},"schema":{"@context":"https:\/\/schema.org","@graph":[{"@type":"WebPage","@id":"https:\/\/mada.md.cozmoslabs.com\/impressum\/","url":"https:\/\/mada.md.cozmoslabs.com\/impressum\/","name":"Impressum - BECO BERM\u00dcLLER","isPartOf":{"@id":"https:\/\/mada.md.cozmoslabs.com\/#website"},"primaryImageOfPage":{"@id":"https:\/\/mada.md.cozmoslabs.com\/impressum\/#primaryimage"},"image":{"@id":"https:\/\/mada.md.cozmoslabs.com\/impressum\/#primaryimage"},"thumbnailUrl":"https:\/\/mada.md.cozmoslabs.com\/wp-content\/uploads\/2024\/07\/BECO.webp","datePublished":"2024-07-30T14:16:50+00:00","dateModified":"2024-09-23T10:54:50+00:00","description":"Impressum der Berm\u00fcller & Co GmbH - Rotterdamer Stra\u00dfe 7 - 90451 N\u00fcrnberg - Telefon: +49 (0) 911 - 64200 - 0","breadcrumb":{"@id":"https:\/\/mada.md.cozmoslabs.com\/impressum\/#breadcrumb"},"inLanguage":"de-AT","potentialAction":[{"@type":"ReadAction","target":["https:\/\/mada.md.cozmoslabs.com\/impressum\/"]}]},{"@type":"ImageObject","inLanguage":"de-AT","@id":"https:\/\/mada.md.cozmoslabs.com\/impressum\/#primaryimage","url":"https:\/\/mada.md.cozmoslabs.com\/wp-content\/uploads\/2024\/07\/BECO.webp","contentUrl":"https:\/\/mada.md.cozmoslabs.com\/wp-content\/uploads\/2024\/07\/BECO.webp","width":991,"height":661,"caption":"BECO"},{"@type":"BreadcrumbList","@id":"https:\/\/mada.md.cozmoslabs.com\/impressum\/#breadcrumb","itemListElement":[{"@type":"ListItem","position":1,"name":"Startseite","item":"https:\/\/mada.md.cozmoslabs.com\/at\/"},{"@type":"ListItem","position":2,"name":"Impressum"}]},{"@type":"WebSite","@id":"https:\/\/mada.md.cozmoslabs.com\/#website","url":"https:\/\/mada.md.cozmoslabs.com\/","name":"Beco Berm\u00fcller","description":"","publisher":{"@id":"https:\/\/mada.md.cozmoslabs.com\/#organization"},"potentialAction":[{"@type":"SearchAction","target":{"@type":"EntryPoint","urlTemplate":"https:\/\/mada.md.cozmoslabs.com\/?s={search_term_string}"},"query-input":{"@type":"PropertyValueSpecification","valueRequired":true,"valueName":"search_term_string"}}],"inLanguage":"de-AT"},{"@type":"Organization","@id":"https:\/\/mada.md.cozmoslabs.com\/#organization","name":"Beco Berm\u00fcller","url":"https:\/\/mada.md.cozmoslabs.com\/","logo":{"@type":"ImageObject","inLanguage":"de-AT","@id":"https:\/\/mada.md.cozmoslabs.com\/#\/schema\/logo\/image\/","url":"https:\/\/mada.md.cozmoslabs.com\/wp-content\/uploads\/2024\/04\/BECO_BERMUELLER_Logo_RGB.svg","contentUrl":"https:\/\/mada.md.cozmoslabs.com\/wp-content\/uploads\/2024\/04\/BECO_BERMUELLER_Logo_RGB.svg","width":"1024","height":"1024","caption":"Beco Berm\u00fcller"},"image":{"@id":"https:\/\/mada.md.cozmoslabs.com\/#\/schema\/logo\/image\/"},"sameAs":["https:\/\/www.facebook.com\/becobermueller\/","https:\/\/www.instagram.com\/beco_bermueller\/"]}]}},"_links":{"self":[{"href":"https:\/\/mada.md.cozmoslabs.com\/at\/wp-json\/wp\/v2\/pages\/2289","targetHints":{"allow":["GET"]}}],"collection":[{"href":"https:\/\/mada.md.cozmoslabs.com\/at\/wp-json\/wp\/v2\/pages"}],"about":[{"href":"https:\/\/mada.md.cozmoslabs.com\/at\/wp-json\/wp\/v2\/types\/page"}],"author":[{"embeddable":true,"href":"https:\/\/mada.md.cozmoslabs.com\/at\/wp-json\/wp\/v2\/users\/1"}],"replies":[{"embeddable":true,"href":"https:\/\/mada.md.cozmoslabs.com\/at\/wp-json\/wp\/v2\/comments?post=2289"}],"version-history":[{"count":0,"href":"https:\/\/mada.md.cozmoslabs.com\/at\/wp-json\/wp\/v2\/pages\/2289\/revisions"}],"wp:featuredmedia":[{"embeddable":true,"href":"https:\/\/mada.md.cozmoslabs.com\/at\/wp-json\/wp\/v2\/media\/1760"}],"wp:attachment":[{"href":"https:\/\/mada.md.cozmoslabs.com\/at\/wp-json\/wp\/v2\/media?parent=2289"}],"wp:term":[{"taxonomy":"category","embeddable":true,"href":"https:\/\/mada.md.cozmoslabs.com\/at\/wp-json\/wp\/v2\/categories?post=2289"},{"taxonomy":"post_tag","embeddable":true,"href":"https:\/\/mada.md.cozmoslabs.com\/at\/wp-json\/wp\/v2\/tags?post=2289"}],"curies":[{"name":"wp","href":"https:\/\/api.w.org\/{rel}","templated":true}]}}